{"id":1142,"date":"2024-06-26T20:46:22","date_gmt":"2024-06-26T20:46:22","guid":{"rendered":"https:\/\/techsolutionprogram.com\/about\/"},"modified":"2025-08-27T22:25:17","modified_gmt":"2025-08-27T22:25:17","slug":"about","status":"publish","type":"page","link":"https:\/\/techsolutionprogram.com\/es\/about\/","title":{"rendered":"Nosotros"},"content":{"rendered":"<div class=\"wp-block-uagb-container uagb-block-03b0edd2 alignfull uagb-is-root-container\"><div class=\"uagb-container-inner-blocks-wrap\">\n<div class=\"wp-block-uagb-advanced-heading uagb-block-f08b6f7a\"><h1 class=\"uagb-heading-text\">Potenciando tu Crecimiento Tecnol\u00f3gico.<\/h1><p class=\"uagb-desc-text\">Descubre c\u00f3mo TECH SOLUTION PROGRAM puede ayudar a tu negocio a prosperar en la era digital a trav\u00e9s de nuestra amplia gama de servicios tecnol\u00f3gicos.<\/p><\/div>\n<\/div><\/div>\n\n\n\n<div class=\"wp-block-uagb-container uagb-block-38cfac96 alignfull uagb-is-root-container\"><div class=\"uagb-container-inner-blocks-wrap\">\n<div class=\"wp-block-uagb-advanced-heading uagb-block-640bf114\"><h2 class=\"uagb-heading-text\">Sobre TECH SOLUTION PROGRAM<\/h2><\/div>\n\n\n\n<div class=\"wp-block-uagb-container uagb-layout-grid uagb-block-38ff99ba\">\n<div class=\"wp-block-uagb-container uagb-layout-flex uagb-block-b0c97407\">\n<div class=\"wp-block-uagb-image alignleft uagb-block-3f79dfa0 wp-block-uagb-image--layout-default wp-block-uagb-image--effect-static wp-block-uagb-image--align-left\"><figure class=\"wp-block-uagb-image__figure\"><img decoding=\"async\" srcset=\"https:\/\/techsolutionprogram.com\/wp-content\/uploads\/2024\/06\/pexels-photo-8566454.jpeg ,https:\/\/techsolutionprogram.com\/wp-content\/uploads\/2024\/06\/pexels-photo-8566454.jpeg 780w, https:\/\/techsolutionprogram.com\/wp-content\/uploads\/2024\/06\/pexels-photo-8566454.jpeg 360w\" sizes=\"auto, (max-width: 480px) 150px\" src=\"https:\/\/techsolutionprogram.com\/wp-content\/uploads\/2024\/06\/pexels-photo-8566454.jpeg\" alt=\"\" class=\"uag-image-1130\" width=\"810\" height=\"500\" title=\"about-img-01\" loading=\"lazy\" role=\"img\"\/><\/figure><\/div>\n\n\n\n<div class=\"wp-block-uagb-advanced-heading uagb-block-f3d3552c\"><h3 class=\"uagb-heading-text\">TECH SOLUTION PROGRAM es una empresa l\u00edder en tecnolog\u00eda con m\u00e1s de 15 a\u00f1os de experiencia.<\/h3><\/div>\n<\/div>\n\n\n\n<div class=\"wp-block-uagb-container uagb-block-e1caaa3e\">\n<div class=\"wp-block-uagb-image uagb-block-6e1e3735 wp-block-uagb-image--layout-default wp-block-uagb-image--effect-static wp-block-uagb-image--align-none\"><figure class=\"wp-block-uagb-image__figure\"><img decoding=\"async\" srcset=\"https:\/\/techsolutionprogram.com\/wp-content\/uploads\/2024\/06\/imagen-7-1024x683.jpg ,https:\/\/techsolutionprogram.com\/wp-content\/uploads\/2024\/06\/imagen-7-scaled.jpg 780w, https:\/\/techsolutionprogram.com\/wp-content\/uploads\/2024\/06\/imagen-7-scaled.jpg 360w\" sizes=\"auto, (max-width: 480px) 150px\" src=\"https:\/\/techsolutionprogram.com\/wp-content\/uploads\/2024\/06\/imagen-7-1024x683.jpg\" alt=\"\" class=\"uag-image-1023\" width=\"566\" height=\"500\" title=\"Computer fixing, service or maintenance concept background. Working tools on modern laptop computer\" loading=\"lazy\" role=\"img\"\/><\/figure><\/div>\n\n\n\n<div class=\"wp-block-uagb-advanced-heading uagb-block-41b237da\"><p class=\"uagb-heading-text\">Hemos ayudado a numerosos clientes a alcanzar sus objetivos empresariales a trav\u00e9s de nuestros servicios de dise\u00f1o web, desarrollo de software, soporte IT, instalaci\u00f3n de c\u00e1maras de seguridad y servicios de redes.<\/p><p class=\"uagb-desc-text\">En TECH SOLUTION PROGRAM, nos dedicamos a ofrecer un servicio excelente y soluciones innovadoras a nuestros clientes, asegurando que sus sistemas funcionen de manera fluida y eficiente.<\/p><\/div>\n\n\n\n<div class=\"wp-block-uagb-advanced-heading uagb-block-5e6eb5d6\"><p class=\"uagb-desc-text\">Follow Me<\/p><\/div>\n\n\n\n<div class=\"wp-block-uagb-icon-list uagb-block-60bf14a8\"><div class=\"uagb-icon-list__wrap\">\n<div class=\"wp-block-uagb-icon-list-child uagb-block-cf39bd31\"><a target=\"_self\" aria-label=\"List item\" rel=\"noopener noreferrer\" href=\"https:\/\/facebook.com\/tecnicopc2022\"> <\/a><span class=\"uagb-icon-list__source-wrap\"><svg xmlns=\"https:\/\/www.w3.org\/2000\/svg\" viewbox=\"0 0 320 512\"><path d=\"M279.1 288l14.22-92.66h-88.91v-60.13c0-25.35 12.42-50.06 52.24-50.06h40.42V6.26S260.4 0 225.4 0c-73.22 0-121.1 44.38-121.1 124.7v70.62H22.89V288h81.39v224h100.2V288z\"><\/path><\/svg><\/span><\/div>\n\n\n\n<div class=\"wp-block-uagb-icon-list-child uagb-block-632e8e56\"><a target=\"_self\" aria-label=\"List item\" rel=\"noopener noreferrer\" href=\"https:\/\/www.instagram.com\/serviciostecnicospc\"> <\/a><span class=\"uagb-icon-list__source-wrap\"><svg xmlns=\"https:\/\/www.w3.org\/2000\/svg\" viewbox=\"0 0 448 512\"><path d=\"M224.1 141c-63.6 0-114.9 51.3-114.9 114.9s51.3 114.9 114.9 114.9S339 319.5 339 255.9 287.7 141 224.1 141zm0 189.6c-41.1 0-74.7-33.5-74.7-74.7s33.5-74.7 74.7-74.7 74.7 33.5 74.7 74.7-33.6 74.7-74.7 74.7zm146.4-194.3c0 14.9-12 26.8-26.8 26.8-14.9 0-26.8-12-26.8-26.8s12-26.8 26.8-26.8 26.8 12 26.8 26.8zm76.1 27.2c-1.7-35.9-9.9-67.7-36.2-93.9-26.2-26.2-58-34.4-93.9-36.2-37-2.1-147.9-2.1-184.9 0-35.8 1.7-67.6 9.9-93.9 36.1s-34.4 58-36.2 93.9c-2.1 37-2.1 147.9 0 184.9 1.7 35.9 9.9 67.7 36.2 93.9s58 34.4 93.9 36.2c37 2.1 147.9 2.1 184.9 0 35.9-1.7 67.7-9.9 93.9-36.2 26.2-26.2 34.4-58 36.2-93.9 2.1-37 2.1-147.8 0-184.8zM398.8 388c-7.8 19.6-22.9 34.7-42.6 42.6-29.5 11.7-99.5 9-132.1 9s-102.7 2.6-132.1-9c-19.6-7.8-34.7-22.9-42.6-42.6-11.7-29.5-9-99.5-9-132.1s-2.6-102.7 9-132.1c7.8-19.6 22.9-34.7 42.6-42.6 29.5-11.7 99.5-9 132.1-9s102.7-2.6 132.1 9c19.6 7.8 34.7 22.9 42.6 42.6 11.7 29.5 9 99.5 9 132.1s2.7 102.7-9 132.1z\"><\/path><\/svg><\/span><\/div>\n\n\n\n<div class=\"wp-block-uagb-icon-list-child uagb-block-3fd82e49\"><a target=\"_self\" aria-label=\"List item\" rel=\"noopener noreferrer\" href=\"https:\/\/www.youtube.com\/@ServiciosTecnologicos001\"> <\/a><span class=\"uagb-icon-list__source-wrap\"><svg xmlns=\"https:\/\/www.w3.org\/2000\/svg\" viewbox=\"0 0 576 512\"><path d=\"M549.7 124.1c-6.281-23.65-24.79-42.28-48.28-48.6C458.8 64 288 64 288 64S117.2 64 74.63 75.49c-23.5 6.322-42 24.95-48.28 48.6-11.41 42.87-11.41 132.3-11.41 132.3s0 89.44 11.41 132.3c6.281 23.65 24.79 41.5 48.28 47.82C117.2 448 288 448 288 448s170.8 0 213.4-11.49c23.5-6.321 42-24.17 48.28-47.82 11.41-42.87 11.41-132.3 11.41-132.3s0-89.44-11.41-132.3zm-317.5 213.5V175.2l142.7 81.21-142.7 81.2z\"><\/path><\/svg><\/span><\/div>\n<\/div><\/div>\n<\/div>\n<\/div>\n<\/div><\/div>\n\n\n\n<div class=\"wp-block-uagb-container uagb-layout-grid uagb-block-d69ea2fc alignfull uagb-is-root-container\"><div class=\"uagb-container-inner-blocks-wrap\">\n<div class=\"wp-block-uagb-info-box uagb-block-1e98d521 uagb-infobox__content-wrap  uagb-infobox-icon-above-title uagb-infobox-image-valign-top\"><div class=\"uagb-ifb-content\"><div class=\"uagb-ifb-title-wrap\"><h2 class=\"uagb-ifb-title-prefix\">Nuestra Misi\u00f3n<\/h2><p class=\"uagb-ifb-title\">Impulsando la Excelencia Tecnol\u00f3gica<\/p><\/div><p class=\"uagb-ifb-desc\">Nuestra misi\u00f3n es ofrecer soluciones tecnol\u00f3gicas de vanguardia que empoderen a las empresas para prosperar en la era digital, respaldadas por un soporte confiable y un servicio al cliente excepcional.<\/p><\/div><\/div>\n\n\n\n<div class=\"wp-block-uagb-image uagb-block-8aa95fc0 wp-block-uagb-image--layout-default wp-block-uagb-image--effect-static wp-block-uagb-image--align-none\"><figure class=\"wp-block-uagb-image__figure\"><img decoding=\"async\" srcset=\"https:\/\/techsolutionprogram.com\/wp-content\/uploads\/2024\/06\/macbook-apple-imac-computer-39284.jpeg ,https:\/\/techsolutionprogram.com\/wp-content\/uploads\/2024\/06\/macbook-apple-imac-computer-39284.jpeg 780w, https:\/\/techsolutionprogram.com\/wp-content\/uploads\/2024\/06\/macbook-apple-imac-computer-39284.jpeg 360w\" sizes=\"auto, (max-width: 480px) 150px\" src=\"https:\/\/techsolutionprogram.com\/wp-content\/uploads\/2024\/06\/macbook-apple-imac-computer-39284.jpeg\" alt=\"\" class=\"uag-image-1113\" width=\"645\" height=\"450\" title=\"our-mission\" loading=\"lazy\" role=\"img\"\/><\/figure><\/div>\n\n\n\n<div class=\"wp-block-uagb-image uagb-block-37381279 wp-block-uagb-image--layout-default wp-block-uagb-image--effect-static wp-block-uagb-image--align-none\"><figure class=\"wp-block-uagb-image__figure\"><img decoding=\"async\" srcset=\"https:\/\/techsolutionprogram.com\/wp-content\/uploads\/2024\/06\/pexels-photo-196646.jpeg ,https:\/\/techsolutionprogram.com\/wp-content\/uploads\/2024\/06\/pexels-photo-196646.jpeg 780w, https:\/\/techsolutionprogram.com\/wp-content\/uploads\/2024\/06\/pexels-photo-196646.jpeg 360w\" sizes=\"auto, (max-width: 480px) 150px\" src=\"https:\/\/techsolutionprogram.com\/wp-content\/uploads\/2024\/06\/pexels-photo-196646.jpeg\" alt=\"\" class=\"uag-image-1114\" width=\"645\" height=\"450\" title=\"our-vision\" loading=\"lazy\" role=\"img\"\/><\/figure><\/div>\n\n\n\n<div class=\"wp-block-uagb-info-box uagb-block-1253b133 uagb-infobox__content-wrap  uagb-infobox-icon-above-title uagb-infobox-image-valign-top\"><div class=\"uagb-ifb-content\"><div class=\"uagb-ifb-title-wrap\"><h2 class=\"uagb-ifb-title-prefix\">Nuestra Visi\u00f3n<\/h2><p class=\"uagb-ifb-title\">Transformando Negocios a trav\u00e9s de la Tecnolog\u00eda<\/p><\/div><p class=\"uagb-ifb-desc\">Visualizamos un futuro donde las empresas aprovechen al m\u00e1ximo el potencial de la tecnolog\u00eda para impulsar su crecimiento, eficiencia y \u00e9xito, con TECH SOLUTION PROGRAM como su socio de confianza<\/p><\/div><\/div>\n<\/div><\/div>\n\n\n\n<div class=\"wp-block-uagb-container uagb-block-c333eb67 alignfull uagb-is-root-container\"><div class=\"uagb-container-inner-blocks-wrap\">\n<div class=\"wp-block-uagb-advanced-heading uagb-block-9c6ec963\"><h2 class=\"uagb-heading-text\">Unleashing Your Business Potential<\/h2><p class=\"uagb-desc-text\">Experience the seamless behind-the-scenes collaboration with TECH SOLUTION PROGRAM&#8217;s dedicated team, working tirelessly to bring your technological ambitions to life.<\/p><\/div>\n\n\n\n<div class=\"wp-block-uagb-container uagb-layout-grid uagb-block-fd76b66f\">\n<div class=\"wp-block-uagb-image uagb-block-b12a0cd8 wp-block-uagb-image--layout-default wp-block-uagb-image--effect-static wp-block-uagb-image--align-none\"><figure class=\"wp-block-uagb-image__figure\"><img decoding=\"async\" srcset=\"https:\/\/techsolutionprogram.com\/wp-content\/uploads\/2024\/06\/pexels-photo-196645.jpeg ,https:\/\/techsolutionprogram.com\/wp-content\/uploads\/2024\/06\/pexels-photo-196645.jpeg 780w, https:\/\/techsolutionprogram.com\/wp-content\/uploads\/2024\/06\/pexels-photo-196645.jpeg 360w\" sizes=\"auto, (max-width: 480px) 150px\" src=\"https:\/\/techsolutionprogram.com\/wp-content\/uploads\/2024\/06\/pexels-photo-196645.jpeg\" alt=\"\" class=\"uag-image-1115\" width=\"686\" height=\"400\" title=\"bts-img-01\" loading=\"lazy\" role=\"img\"\/><\/figure><\/div>\n\n\n\n<div class=\"wp-block-uagb-image uagb-block-3e197f08 wp-block-uagb-image--layout-default wp-block-uagb-image--effect-static wp-block-uagb-image--align-none\"><figure class=\"wp-block-uagb-image__figure\"><img decoding=\"async\" srcset=\"https:\/\/techsolutionprogram.com\/wp-content\/uploads\/2024\/06\/pexels-photo-1181244.jpeg ,https:\/\/techsolutionprogram.com\/wp-content\/uploads\/2024\/06\/pexels-photo-1181244.jpeg 780w, https:\/\/techsolutionprogram.com\/wp-content\/uploads\/2024\/06\/pexels-photo-1181244.jpeg 360w\" sizes=\"auto, (max-width: 480px) 150px\" src=\"https:\/\/techsolutionprogram.com\/wp-content\/uploads\/2024\/06\/pexels-photo-1181244.jpeg\" alt=\"\" class=\"uag-image-1116\" width=\"686\" height=\"400\" title=\"bts-img-02\" loading=\"lazy\" role=\"img\"\/><\/figure><\/div>\n\n\n\n<div class=\"wp-block-uagb-image uagb-block-e7e58d37 wp-block-uagb-image--layout-default wp-block-uagb-image--effect-static wp-block-uagb-image--align-none uag-hide-tab\"><figure class=\"wp-block-uagb-image__figure\"><img decoding=\"async\" srcset=\"https:\/\/techsolutionprogram.com\/wp-content\/uploads\/2024\/06\/pexels-photo-546819.jpeg ,https:\/\/techsolutionprogram.com\/wp-content\/uploads\/2024\/06\/pexels-photo-546819.jpeg 780w, https:\/\/techsolutionprogram.com\/wp-content\/uploads\/2024\/06\/pexels-photo-546819.jpeg 360w\" sizes=\"auto, (max-width: 480px) 150px\" src=\"https:\/\/techsolutionprogram.com\/wp-content\/uploads\/2024\/06\/pexels-photo-546819.jpeg\" alt=\"\" class=\"uag-image-1117\" width=\"686\" height=\"400\" title=\"videography-service-02\" loading=\"lazy\" role=\"img\"\/><\/figure><\/div>\n<\/div>\n\n\n\n<div class=\"wp-block-uagb-container uagb-layout-grid uagb-block-cf8cf873\">\n<div class=\"wp-block-uagb-image uagb-block-912dc794 wp-block-uagb-image--layout-default wp-block-uagb-image--effect-static wp-block-uagb-image--align-none\"><figure class=\"wp-block-uagb-image__figure\"><img decoding=\"async\" srcset=\"https:\/\/techsolutionprogram.com\/wp-content\/uploads\/2024\/06\/pexels-photo-577585.jpeg ,https:\/\/techsolutionprogram.com\/wp-content\/uploads\/2024\/06\/pexels-photo-577585.jpeg 780w, https:\/\/techsolutionprogram.com\/wp-content\/uploads\/2024\/06\/pexels-photo-577585.jpeg 360w\" sizes=\"auto, (max-width: 480px) 150px\" src=\"https:\/\/techsolutionprogram.com\/wp-content\/uploads\/2024\/06\/pexels-photo-577585.jpeg\" alt=\"\" class=\"uag-image-1118\" width=\"500\" height=\"450\" title=\"bts-img-03\" loading=\"lazy\" role=\"img\"\/><\/figure><\/div>\n\n\n\n<div class=\"wp-block-uagb-image uagb-block-d363447e wp-block-uagb-image--layout-default wp-block-uagb-image--effect-static wp-block-uagb-image--align-none\"><figure class=\"wp-block-uagb-image__figure\"><img decoding=\"async\" srcset=\"https:\/\/techsolutionprogram.com\/wp-content\/uploads\/2024\/06\/imagen-4.jpg ,https:\/\/techsolutionprogram.com\/wp-content\/uploads\/2024\/06\/imagen-4.jpg 780w, https:\/\/techsolutionprogram.com\/wp-content\/uploads\/2024\/06\/imagen-4.jpg 360w\" sizes=\"auto, (max-width: 480px) 150px\" src=\"https:\/\/techsolutionprogram.com\/wp-content\/uploads\/2024\/06\/imagen-4.jpg\" alt=\"\" class=\"uag-image-1095\" width=\"686\" height=\"600\" title=\"close up of security camera on wall, security system concept\" loading=\"lazy\" role=\"img\"\/><\/figure><\/div>\n\n\n\n<div class=\"wp-block-uagb-image uagb-block-a99ebb4d wp-block-uagb-image--layout-default wp-block-uagb-image--effect-static wp-block-uagb-image--align-none\"><figure class=\"wp-block-uagb-image__figure\"><img decoding=\"async\" srcset=\"https:\/\/techsolutionprogram.com\/wp-content\/uploads\/2024\/06\/pexels-photo-1109543.jpeg ,https:\/\/techsolutionprogram.com\/wp-content\/uploads\/2024\/06\/pexels-photo-1109543.jpeg 780w, https:\/\/techsolutionprogram.com\/wp-content\/uploads\/2024\/06\/pexels-photo-1109543.jpeg 360w\" sizes=\"auto, (max-width: 480px) 150px\" src=\"https:\/\/techsolutionprogram.com\/wp-content\/uploads\/2024\/06\/pexels-photo-1109543.jpeg\" alt=\"\" class=\"uag-image-1120\" width=\"500\" height=\"450\" title=\"bts-img-05\" loading=\"lazy\" role=\"img\"\/><\/figure><\/div>\n<\/div>\n<\/div><\/div>\n\n\n\n\n\n<div class=\"wp-block-uagb-container uagb-block-9f047c00 alignfull uagb-is-root-container\"><div class=\"uagb-container-inner-blocks-wrap\">\n<div class=\"wp-block-uagb-container uagb-block-8ac3f7a9\">\n<div data-aos= \"fade-down\" data-aos-duration=\"400\" data-aos-delay=\"0\" data-aos-easing=\"ease\" data-aos-once=\"true\" class=\"wp-block-uagb-info-box uagb-block-8023fb24 uagb-infobox__content-wrap  uagb-infobox-icon-above-title uagb-infobox-image-valign-top\"><div class=\"uagb-ifb-content\"><div class=\"uagb-ifb-title-wrap\"><h2 class=\"uagb-ifb-title\">Comience su transformaci\u00f3n digital<\/h2><\/div><p class=\"uagb-ifb-desc\">P\u00f3ngase en contacto con nosotros hoy mismo para hablar de sus necesidades tecnol\u00f3gicas y encontrar las mejores soluciones para su negocio.<\/p><div class=\"uagb-ifb-button-wrapper wp-block-button\"><a href=\"https:\/\/techsolutionprogram.com\/es\/contact-2\/\" class=\"uagb-infobox-cta-link wp-block-button__link\" target=\"_self\" rel=\"noopener noreferrer\" onclick=\"return true;\"><span class=\"uagb-inline-editing\">Ver mas<\/span><\/a><\/div><\/div><\/div>\n<\/div>\n<\/div><\/div>","protected":false},"excerpt":{"rendered":"<p>Empowering Your Technological Growth Discover how TECH SOLUTION PROGRAM can help your business thrive in the digital age through our [&hellip;]<\/p>","protected":false},"author":1,"featured_media":0,"parent":0,"menu_order":0,"comment_status":"closed","ping_status":"closed","template":"","meta":{"_uag_custom_page_level_css":"","_monsterinsights_skip_tracking":false,"_monsterinsights_sitenote_active":false,"_monsterinsights_sitenote_note":"","_monsterinsights_sitenote_category":0,"site-sidebar-layout":"default","site-content-layout":"","ast-site-content-layout":"default","site-content-style":"default","site-sidebar-style":"default","ast-global-header-display":"","ast-banner-title-visibility":"","ast-main-header-display":"","ast-hfb-above-header-display":"","ast-hfb-below-header-display":"","ast-hfb-mobile-header-display":"","site-post-title":"disabled","ast-breadcrumbs-content":"","ast-featured-img":"","footer-sml-layout":"","ast-disable-related-posts":"","theme-transparent-header-meta":"","adv-header-id-meta":"","stick-header-meta":"","header-above-stick-meta":"","header-main-stick-meta":"","header-below-stick-meta":"","astra-migrate-meta-layouts":"default","ast-page-background-enabled":"default","ast-page-background-meta":{"desktop":{"background-color":"var(--ast-global-color-5)","background-image":"","background-repeat":"repeat","background-position":"center center","background-size":"auto","background-attachment":"scroll","background-type":"","background-media":"","overlay-type":"","overlay-color":"","overlay-opacity":"","overlay-gradient":""},"tablet":{"background-color":"","background-image":"","background-repeat":"repeat","background-position":"center center","background-size":"auto","background-attachment":"scroll","background-type":"","background-media":"","overlay-type":"","overlay-color":"","overlay-opacity":"","overlay-gradient":""},"mobile":{"background-color":"","background-image":"","background-repeat":"repeat","background-position":"center center","background-size":"auto","background-attachment":"scroll","background-type":"","background-media":"","overlay-type":"","overlay-color":"","overlay-opacity":"","overlay-gradient":""}},"ast-content-background-meta":{"desktop":{"background-color":"var(--ast-global-color-4)","background-image":"","background-repeat":"repeat","background-position":"center center","background-size":"auto","background-attachment":"scroll","background-type":"","background-media":"","overlay-type":"","overlay-color":"","overlay-opacity":"","overlay-gradient":""},"tablet":{"background-color":"var(--ast-global-color-4)","background-image":"","background-repeat":"repeat","background-position":"center center","background-size":"auto","background-attachment":"scroll","background-type":"","background-media":"","overlay-type":"","overlay-color":"","overlay-opacity":"","overlay-gradient":""},"mobile":{"background-color":"var(--ast-global-color-4)","background-image":"","background-repeat":"repeat","background-position":"center center","background-size":"auto","background-attachment":"scroll","background-type":"","background-media":"","overlay-type":"","overlay-color":"","overlay-opacity":"","overlay-gradient":""}},"ngg_post_thumbnail":0,"footnotes":""},"class_list":["post-1142","page","type-page","status-publish","hentry"],"aioseo_notices":[],"uagb_featured_image_src":{"full":false,"thumbnail":false,"medium":false,"medium_large":false,"large":false,"1536x1536":false,"2048x2048":false,"trp-custom-language-flag":false},"uagb_author_info":{"display_name":"TechSolutionProgram","author_link":"https:\/\/techsolutionprogram.com\/es\/author\/lozadasystem2022gmail-com\/"},"uagb_comment_info":0,"uagb_excerpt":"Empowering Your Technological Growth Discover how TECH SOLUTION PROGRAM can help your business thrive in the digital age through our [&hellip;]","_links":{"self":[{"href":"https:\/\/techsolutionprogram.com\/es\/wp-json\/wp\/v2\/pages\/1142","targetHints":{"allow":["GET"]}}],"collection":[{"href":"https:\/\/techsolutionprogram.com\/es\/wp-json\/wp\/v2\/pages"}],"about":[{"href":"https:\/\/techsolutionprogram.com\/es\/wp-json\/wp\/v2\/types\/page"}],"author":[{"embeddable":true,"href":"https:\/\/techsolutionprogram.com\/es\/wp-json\/wp\/v2\/users\/1"}],"replies":[{"embeddable":true,"href":"https:\/\/techsolutionprogram.com\/es\/wp-json\/wp\/v2\/comments?post=1142"}],"version-history":[{"count":6,"href":"https:\/\/techsolutionprogram.com\/es\/wp-json\/wp\/v2\/pages\/1142\/revisions"}],"predecessor-version":[{"id":1739,"href":"https:\/\/techsolutionprogram.com\/es\/wp-json\/wp\/v2\/pages\/1142\/revisions\/1739"}],"wp:attachment":[{"href":"https:\/\/techsolutionprogram.com\/es\/wp-json\/wp\/v2\/media?parent=1142"}],"curies":[{"name":"wp","href":"https:\/\/api.w.org\/{rel}","templated":true}]}}