{"id":1316,"date":"2025-01-25T17:10:40","date_gmt":"2025-01-25T17:10:40","guid":{"rendered":"https:\/\/techsolutionprogram.com\/?page_id=1316"},"modified":"2025-03-05T14:58:52","modified_gmt":"2025-03-05T14:58:52","slug":"talleres","status":"publish","type":"page","link":"https:\/\/techsolutionprogram.com\/es\/talleres\/","title":{"rendered":"Talleres"},"content":{"rendered":"<div class=\"wp-block-uagb-post-grid uagb-post-grid  uagb-post__image-position-top uagb-post__image-enabled uagb-block-9fef24a2     uagb-post__items uagb-post__columns-3 is-grid uagb-post__columns-tablet-2 uagb-post__columns-mobile-1 uagb-post__equal-height\" data-total=\"1\" style=\"\">\n\n\t\t\t\t\t\t\t\t\t\t\t\t<article class=\"uagb-post__inner-wrap\">\t\t\t\t\t\t\t\t<div class='uagb-post__image'>\n\t\t\t\t\t\t\t\t\t<a href=\"https:\/\/techsolutionprogram.com\/es\/ciberseguridad\/\" target=\"_self\" rel=\"bookmark noopener noreferrer\" class='uagb-image-ratio-inherit'><img decoding=\"async\" width=\"819\" height=\"1024\" src=\"https:\/\/techsolutionprogram.com\/wp-content\/uploads\/2025\/10\/presentacion-online-de-seguridad-819x1024.jpg\" class=\"attachment-large size-large\" alt=\"\" srcset=\"https:\/\/techsolutionprogram.com\/wp-content\/uploads\/2025\/10\/presentacion-online-de-seguridad-819x1024.jpg 819w, https:\/\/techsolutionprogram.com\/wp-content\/uploads\/2025\/10\/presentacion-online-de-seguridad-240x300.jpg 240w, https:\/\/techsolutionprogram.com\/wp-content\/uploads\/2025\/10\/presentacion-online-de-seguridad-768x960.jpg 768w, https:\/\/techsolutionprogram.com\/wp-content\/uploads\/2025\/10\/presentacion-online-de-seguridad-10x12.jpg 10w, https:\/\/techsolutionprogram.com\/wp-content\/uploads\/2025\/10\/presentacion-online-de-seguridad.jpg 1080w\" sizes=\"(max-width: 819px) 100vw, 819px\" \/>\t\t\t\t\t<\/a>\n\t\t\t\t\t\t\t<\/div>\n\t\t\t\t\t\t<h4 class=\"uagb-post__title uagb-post__text\">\n\t\t\t\t<a href=\"https:\/\/techsolutionprogram.com\/es\/ciberseguridad\/\" target=\"_self\" rel=\"bookmark noopener noreferrer\">Ciberseguridad<\/a>\n\t\t\t<\/h4>\n\t\t\t\t\t\t<div class='uagb-post__text uagb-post-grid-byline'>\n\t\t\t\t\t\t\t\t<time datetime=\"2025-10-30T14:56:12+00:00\" class=\"uagb-post__date\">\n\t\t\t\t<span class=\"dashicons-calendar dashicons\"><\/span>\t\t\t\t\toctubre 30, 2025\t\t\t\t<\/time>\n\t\t\t\t\t\t\t<span class=\"uagb-post__comment\">\n\t\t\t\t<span class=\"dashicons-admin-comments dashicons\"><\/span>\t\t\t\t\tNo hay comentarios\t\t\t\t<\/span>\n\t\t\t\t\t\t<\/div>\n\t\t\t\t\t\t\t<div class='uagb-post__text uagb-post__excerpt'>\n\t\t\t\t\t<p>\u00a1Deja de ser un blanco f\u00e1cil! \ud83c\udfaf Taller Online GRATUITO: Blindando tu Seguridad Digital \u00bfSab\u00edas&#8230;\t\t\t\t<\/div>\n\t\t\t\t\t\t<div class=\"uagb-post__text uagb-post__cta wp-block-button\">\n\t\t\t\t<a class=\"wp-block-button__link uagb-text-link\" style=\"\" href=\"https:\/\/techsolutionprogram.com\/es\/ciberseguridad\/\" target=\"_self\" rel=\"bookmark noopener noreferrer\">Leer m\u00e1s<\/a>\n\t\t\t<\/div>\n\t\t\t\n\t\t\t\t\t\t\t\t\t<\/article>\n\t\t\t\t\t\t\t\t\t\t\t\t\t\t\t\t<article class=\"uagb-post__inner-wrap\">\t\t\t\t\t\t\t\t<div class='uagb-post__image'>\n\t\t\t\t\t\t\t\t\t<a href=\"https:\/\/techsolutionprogram.com\/es\/taller-ai-para-empresarios\/\" target=\"_self\" rel=\"bookmark noopener noreferrer\" class='uagb-image-ratio-inherit'><img decoding=\"async\" width=\"819\" height=\"1024\" src=\"https:\/\/techsolutionprogram.com\/wp-content\/uploads\/2025\/10\/Taller-Inteliencia-Artificial-1-819x1024.png\" class=\"attachment-large size-large\" alt=\"\" srcset=\"https:\/\/techsolutionprogram.com\/wp-content\/uploads\/2025\/10\/Taller-Inteliencia-Artificial-1-819x1024.png 819w, https:\/\/techsolutionprogram.com\/wp-content\/uploads\/2025\/10\/Taller-Inteliencia-Artificial-1-240x300.png 240w, https:\/\/techsolutionprogram.com\/wp-content\/uploads\/2025\/10\/Taller-Inteliencia-Artificial-1-768x960.png 768w, https:\/\/techsolutionprogram.com\/wp-content\/uploads\/2025\/10\/Taller-Inteliencia-Artificial-1-10x12.png 10w, https:\/\/techsolutionprogram.com\/wp-content\/uploads\/2025\/10\/Taller-Inteliencia-Artificial-1.png 1080w\" sizes=\"(max-width: 819px) 100vw, 819px\" \/>\t\t\t\t\t<\/a>\n\t\t\t\t\t\t\t<\/div>\n\t\t\t\t\t\t<h4 class=\"uagb-post__title uagb-post__text\">\n\t\t\t\t<a href=\"https:\/\/techsolutionprogram.com\/es\/taller-ai-para-empresarios\/\" target=\"_self\" rel=\"bookmark noopener noreferrer\">Taller Inteligencia Artificial para Empresarios<\/a>\n\t\t\t<\/h4>\n\t\t\t\t\t\t<div class='uagb-post__text uagb-post-grid-byline'>\n\t\t\t\t\t\t\t\t<time datetime=\"2025-10-20T19:54:21+00:00\" class=\"uagb-post__date\">\n\t\t\t\t<span class=\"dashicons-calendar dashicons\"><\/span>\t\t\t\t\toctubre 20, 2025\t\t\t\t<\/time>\n\t\t\t\t\t\t\t<span class=\"uagb-post__comment\">\n\t\t\t\t<span class=\"dashicons-admin-comments dashicons\"><\/span>\t\t\t\t\tNo hay comentarios\t\t\t\t<\/span>\n\t\t\t\t\t\t<\/div>\n\t\t\t\t\t\t\t<div class='uagb-post__text uagb-post__excerpt'>\n\t\t\t\t\t<p>Taller Inteligencia Artificial para Empresarios \u00a1Desata el Poder de la IA en Tu Negocio! \ud83d\ude80&#8230;\t\t\t\t<\/div>\n\t\t\t\t\t\t<div class=\"uagb-post__text uagb-post__cta wp-block-button\">\n\t\t\t\t<a class=\"wp-block-button__link uagb-text-link\" style=\"\" href=\"https:\/\/techsolutionprogram.com\/es\/taller-ai-para-empresarios\/\" target=\"_self\" rel=\"bookmark noopener noreferrer\">Leer m\u00e1s<\/a>\n\t\t\t<\/div>\n\t\t\t\n\t\t\t\t\t\t\t\t\t<\/article>\n\t\t\t\t\t\t\t\t\t\t\t\t\t\t\t\t<article class=\"uagb-post__inner-wrap\">\t\t\t\t\t\t\t\t<div class='uagb-post__image'>\n\t\t\t\t\t\t\t\t\t<a href=\"https:\/\/techsolutionprogram.com\/es\/presentacion-entorno-tecnologico\/\" target=\"_self\" rel=\"bookmark noopener noreferrer\" class='uagb-image-ratio-inherit'><img decoding=\"async\" width=\"1024\" height=\"1024\" src=\"https:\/\/techsolutionprogram.com\/wp-content\/uploads\/2025\/09\/entorno-tecnologico-2.0-1024x1024.png\" class=\"attachment-large size-large\" alt=\"\" srcset=\"https:\/\/techsolutionprogram.com\/wp-content\/uploads\/2025\/09\/entorno-tecnologico-2.0-1024x1024.png 1024w, https:\/\/techsolutionprogram.com\/wp-content\/uploads\/2025\/09\/entorno-tecnologico-2.0-300x300.png 300w, https:\/\/techsolutionprogram.com\/wp-content\/uploads\/2025\/09\/entorno-tecnologico-2.0-150x150.png 150w, https:\/\/techsolutionprogram.com\/wp-content\/uploads\/2025\/09\/entorno-tecnologico-2.0-768x768.png 768w, https:\/\/techsolutionprogram.com\/wp-content\/uploads\/2025\/09\/entorno-tecnologico-2.0-12x12.png 12w, https:\/\/techsolutionprogram.com\/wp-content\/uploads\/2025\/09\/entorno-tecnologico-2.0.png 1080w\" sizes=\"(max-width: 1024px) 100vw, 1024px\" \/>\t\t\t\t\t<\/a>\n\t\t\t\t\t\t\t<\/div>\n\t\t\t\t\t\t<h4 class=\"uagb-post__title uagb-post__text\">\n\t\t\t\t<a href=\"https:\/\/techsolutionprogram.com\/es\/presentacion-entorno-tecnologico\/\" target=\"_self\" rel=\"bookmark noopener noreferrer\">Presentaci\u00f3n Entorno Tecnol\u00f3gico<\/a>\n\t\t\t<\/h4>\n\t\t\t\t\t\t<div class='uagb-post__text uagb-post-grid-byline'>\n\t\t\t\t\t\t\t\t<time datetime=\"2025-09-08T14:07:01+00:00\" class=\"uagb-post__date\">\n\t\t\t\t<span class=\"dashicons-calendar dashicons\"><\/span>\t\t\t\t\tseptiembre 8, 2025\t\t\t\t<\/time>\n\t\t\t\t\t\t\t<span class=\"uagb-post__comment\">\n\t\t\t\t<span class=\"dashicons-admin-comments dashicons\"><\/span>\t\t\t\t\tNo hay comentarios\t\t\t\t<\/span>\n\t\t\t\t\t\t<\/div>\n\t\t\t\t\t\t\t<div class='uagb-post__text uagb-post__excerpt'>\n\t\t\t\t\t<p>Entorno Tecnol\u00f3gico 2.0 Prep\u00e1rate para una sesi\u00f3n intensiva donde exploraremos herramientas pr\u00e1cticas y estrategias digitales&#8230;\t\t\t\t<\/div>\n\t\t\t\t\t\t<div class=\"uagb-post__text uagb-post__cta wp-block-button\">\n\t\t\t\t<a class=\"wp-block-button__link uagb-text-link\" style=\"\" href=\"https:\/\/techsolutionprogram.com\/es\/presentacion-entorno-tecnologico\/\" target=\"_self\" rel=\"bookmark noopener noreferrer\">Leer m\u00e1s<\/a>\n\t\t\t<\/div>\n\t\t\t\n\t\t\t\t\t\t\t\t\t<\/article>\n\t\t\t\t\t\t\t\t\t\t\t\t\t\t\t\t<article class=\"uagb-post__inner-wrap\">\t\t\t\t\t\t\t\t<div class='uagb-post__image'>\n\t\t\t\t\t\t\t\t\t<a href=\"https:\/\/techsolutionprogram.com\/es\/presentacion-networking\/\" target=\"_self\" rel=\"bookmark noopener noreferrer\" class='uagb-image-ratio-inherit'><img decoding=\"async\" width=\"1024\" height=\"768\" src=\"https:\/\/techsolutionprogram.com\/wp-content\/uploads\/2025\/05\/WhatsApp-Image-2025-05-27-at-2.54.07-PM-1024x768.jpeg\" class=\"attachment-large size-large\" alt=\"\" srcset=\"https:\/\/techsolutionprogram.com\/wp-content\/uploads\/2025\/05\/WhatsApp-Image-2025-05-27-at-2.54.07-PM-1024x768.jpeg 1024w, https:\/\/techsolutionprogram.com\/wp-content\/uploads\/2025\/05\/WhatsApp-Image-2025-05-27-at-2.54.07-PM-300x225.jpeg 300w, https:\/\/techsolutionprogram.com\/wp-content\/uploads\/2025\/05\/WhatsApp-Image-2025-05-27-at-2.54.07-PM-768x576.jpeg 768w, https:\/\/techsolutionprogram.com\/wp-content\/uploads\/2025\/05\/WhatsApp-Image-2025-05-27-at-2.54.07-PM-1536x1152.jpeg 1536w, https:\/\/techsolutionprogram.com\/wp-content\/uploads\/2025\/05\/WhatsApp-Image-2025-05-27-at-2.54.07-PM-16x12.jpeg 16w, https:\/\/techsolutionprogram.com\/wp-content\/uploads\/2025\/05\/WhatsApp-Image-2025-05-27-at-2.54.07-PM.jpeg 1600w\" sizes=\"(max-width: 1024px) 100vw, 1024px\" \/>\t\t\t\t\t<\/a>\n\t\t\t\t\t\t\t<\/div>\n\t\t\t\t\t\t<h4 class=\"uagb-post__title uagb-post__text\">\n\t\t\t\t<a href=\"https:\/\/techsolutionprogram.com\/es\/presentacion-networking\/\" target=\"_self\" rel=\"bookmark noopener noreferrer\">Presentaci\u00f3n &amp; NetWorking<\/a>\n\t\t\t<\/h4>\n\t\t\t\t\t\t<div class='uagb-post__text uagb-post-grid-byline'>\n\t\t\t\t\t\t\t\t<time datetime=\"2025-05-28T12:37:21+00:00\" class=\"uagb-post__date\">\n\t\t\t\t<span class=\"dashicons-calendar dashicons\"><\/span>\t\t\t\t\tmayo 28, 2025\t\t\t\t<\/time>\n\t\t\t\t\t\t\t<span class=\"uagb-post__comment\">\n\t\t\t\t<span class=\"dashicons-admin-comments dashicons\"><\/span>\t\t\t\t\tNo hay comentarios\t\t\t\t<\/span>\n\t\t\t\t\t\t<\/div>\n\t\t\t\t\t\t\t<div class='uagb-post__text uagb-post__excerpt'>\n\t\t\t\t\t<p>Este mes, exploramos c\u00f3mo un entorno tecnol\u00f3gico bien configurado y seguro impulsa el \u00e9xito empresarial&#8230;.\t\t\t\t<\/div>\n\t\t\t\t\t\t<div class=\"uagb-post__text uagb-post__cta wp-block-button\">\n\t\t\t\t<a class=\"wp-block-button__link uagb-text-link\" style=\"\" href=\"https:\/\/techsolutionprogram.com\/es\/presentacion-networking\/\" target=\"_self\" rel=\"bookmark noopener noreferrer\">Leer m\u00e1s<\/a>\n\t\t\t<\/div>\n\t\t\t\n\t\t\t\t\t\t\t\t\t<\/article>\n\t\t\t\t\t\t\t\t\t\t\t\t\t\t\t\t<article class=\"uagb-post__inner-wrap\">\t\t\t\t\t\t\t\t<div class='uagb-post__image'>\n\t\t\t\t\t\t\t\t\t<a href=\"https:\/\/techsolutionprogram.com\/es\/taller-tecnico-excel-para-empresarios\/\" target=\"_self\" rel=\"bookmark noopener noreferrer\" class='uagb-image-ratio-inherit'><img decoding=\"async\" width=\"1024\" height=\"1024\" src=\"https:\/\/techsolutionprogram.com\/wp-content\/uploads\/2025\/01\/Designer-10.jpeg\" class=\"attachment-large size-large\" alt=\"\" srcset=\"https:\/\/techsolutionprogram.com\/wp-content\/uploads\/2025\/01\/Designer-10.jpeg 1024w, https:\/\/techsolutionprogram.com\/wp-content\/uploads\/2025\/01\/Designer-10-300x300.jpeg 300w, https:\/\/techsolutionprogram.com\/wp-content\/uploads\/2025\/01\/Designer-10-150x150.jpeg 150w, https:\/\/techsolutionprogram.com\/wp-content\/uploads\/2025\/01\/Designer-10-768x768.jpeg 768w, https:\/\/techsolutionprogram.com\/wp-content\/uploads\/2025\/01\/Designer-10-12x12.jpeg 12w\" sizes=\"(max-width: 1024px) 100vw, 1024px\" \/>\t\t\t\t\t<\/a>\n\t\t\t\t\t\t\t<\/div>\n\t\t\t\t\t\t<h4 class=\"uagb-post__title uagb-post__text\">\n\t\t\t\t<a href=\"https:\/\/techsolutionprogram.com\/es\/taller-tecnico-excel-para-empresarios\/\" target=\"_self\" rel=\"bookmark noopener noreferrer\">Taller T\u00e9cnico:  Excel para Empresarios<\/a>\n\t\t\t<\/h4>\n\t\t\t\t\t\t<div class='uagb-post__text uagb-post-grid-byline'>\n\t\t\t\t\t\t\t\t<time datetime=\"2025-03-04T15:23:09+00:00\" class=\"uagb-post__date\">\n\t\t\t\t<span class=\"dashicons-calendar dashicons\"><\/span>\t\t\t\t\tmarzo 4, 2025\t\t\t\t<\/time>\n\t\t\t\t\t\t\t<span class=\"uagb-post__comment\">\n\t\t\t\t<span class=\"dashicons-admin-comments dashicons\"><\/span>\t\t\t\t\tNo hay comentarios\t\t\t\t<\/span>\n\t\t\t\t\t\t<\/div>\n\t\t\t\t\t\t\t<div class='uagb-post__text uagb-post__excerpt'>\n\t\t\t\t\t<p>Informaci\u00f3n General T\u00edtulo del Taller: Excel para Empresarios y Emprendedores Fecha y Lugar: Marzo 22,&#8230;\t\t\t\t<\/div>\n\t\t\t\t\t\t<div class=\"uagb-post__text uagb-post__cta wp-block-button\">\n\t\t\t\t<a class=\"wp-block-button__link uagb-text-link\" style=\"\" href=\"https:\/\/techsolutionprogram.com\/es\/taller-tecnico-excel-para-empresarios\/\" target=\"_self\" rel=\"bookmark noopener noreferrer\">Leer m\u00e1s<\/a>\n\t\t\t<\/div>\n\t\t\t\n\t\t\t\t\t\t\t\t\t<\/article>\n\t\t\t\t\t\t\t\t\t\t\t\t\t\t\t\t<article class=\"uagb-post__inner-wrap\">\t\t\t\t\t\t\t\t<h4 class=\"uagb-post__title uagb-post__text\">\n\t\t\t\t<a href=\"https:\/\/techsolutionprogram.com\/es\/presentacionnetworking\/\" target=\"_self\" rel=\"bookmark noopener noreferrer\">Presentaci\u00f3n &amp; NetWorking<\/a>\n\t\t\t<\/h4>\n\t\t\t\t\t\t<div class='uagb-post__text uagb-post-grid-byline'>\n\t\t\t\t\t\t\t\t<time datetime=\"2025-03-03T14:45:44+00:00\" class=\"uagb-post__date\">\n\t\t\t\t<span class=\"dashicons-calendar dashicons\"><\/span>\t\t\t\t\tmarzo 3, 2025\t\t\t\t<\/time>\n\t\t\t\t\t\t\t<span class=\"uagb-post__comment\">\n\t\t\t\t<span class=\"dashicons-admin-comments dashicons\"><\/span>\t\t\t\t\t4 comentarios\t\t\t\t<\/span>\n\t\t\t\t\t\t<\/div>\n\t\t\t\t\t\t\t<div class='uagb-post__text uagb-post__excerpt'>\n\t\t\t\t\t<p>Inscribete y reserva tu espacio<\/p>\n\t\t\t\t<\/div>\n\t\t\t\t\t\t<div class=\"uagb-post__text uagb-post__cta wp-block-button\">\n\t\t\t\t<a class=\"wp-block-button__link uagb-text-link\" style=\"\" href=\"https:\/\/techsolutionprogram.com\/es\/presentacionnetworking\/\" target=\"_self\" rel=\"bookmark noopener noreferrer\">Leer m\u00e1s<\/a>\n\t\t\t<\/div>\n\t\t\t\n\t\t\t\t\t\t\t\t\t<\/article>\n\t\t\t\t\t\t\t\t\t\t\t<\/div>","protected":false},"excerpt":{"rendered":"","protected":false},"author":1,"featured_media":0,"parent":0,"menu_order":0,"comment_status":"closed","ping_status":"closed","template":"","meta":{"_uag_custom_page_level_css":"","_monsterinsights_skip_tracking":false,"_monsterinsights_sitenote_active":false,"_monsterinsights_sitenote_note":"","_monsterinsights_sitenote_category":0,"site-sidebar-layout":"default","site-content-layout":"","ast-site-content-layout":"","site-content-style":"default","site-sidebar-style":"default","ast-global-header-display":"","ast-banner-title-visibility":"","ast-main-header-display":"","ast-hfb-above-header-display":"","ast-hfb-below-header-display":"","ast-hfb-mobile-header-display":"","site-post-title":"","ast-breadcrumbs-content":"","ast-featured-img":"","footer-sml-layout":"","theme-transparent-header-meta":"","adv-header-id-meta":"","stick-header-meta":"","header-above-stick-meta":"","header-main-stick-meta":"","header-below-stick-meta":"","astra-migrate-meta-layouts":"default","ast-page-background-enabled":"default","ast-page-background-meta":{"desktop":{"background-color":"var(--ast-global-color-4)","background-image":"","background-repeat":"repeat","background-position":"center center","background-size":"auto","background-attachment":"scroll","background-type":"","background-media":"","overlay-type":"","overlay-color":"","overlay-opacity":"","overlay-gradient":""},"tablet":{"background-color":"","background-image":"","background-repeat":"repeat","background-position":"center center","background-size":"auto","background-attachment":"scroll","background-type":"","background-media":"","overlay-type":"","overlay-color":"","overlay-opacity":"","overlay-gradient":""},"mobile":{"background-color":"","background-image":"","background-repeat":"repeat","background-position":"center center","background-size":"auto","background-attachment":"scroll","background-type":"","background-media":"","overlay-type":"","overlay-color":"","overlay-opacity":"","overlay-gradient":""}},"ast-content-background-meta":{"desktop":{"background-color":"var(--ast-global-color-5)","background-image":"","background-repeat":"repeat","background-position":"center center","background-size":"auto","background-attachment":"scroll","background-type":"","background-media":"","overlay-type":"","overlay-color":"","overlay-opacity":"","overlay-gradient":""},"tablet":{"background-color":"var(--ast-global-color-5)","background-image":"","background-repeat":"repeat","background-position":"center center","background-size":"auto","background-attachment":"scroll","background-type":"","background-media":"","overlay-type":"","overlay-color":"","overlay-opacity":"","overlay-gradient":""},"mobile":{"background-color":"var(--ast-global-color-5)","background-image":"","background-repeat":"repeat","background-position":"center center","background-size":"auto","background-attachment":"scroll","background-type":"","background-media":"","overlay-type":"","overlay-color":"","overlay-opacity":"","overlay-gradient":""}},"ngg_post_thumbnail":0,"footnotes":""},"class_list":["post-1316","page","type-page","status-publish","hentry"],"aioseo_notices":[],"uagb_featured_image_src":{"full":false,"thumbnail":false,"medium":false,"medium_large":false,"large":false,"1536x1536":false,"2048x2048":false,"trp-custom-language-flag":false},"uagb_author_info":{"display_name":"TechSolutionProgram","author_link":"https:\/\/techsolutionprogram.com\/es\/author\/lozadasystem2022gmail-com\/"},"uagb_comment_info":0,"uagb_excerpt":null,"_links":{"self":[{"href":"https:\/\/techsolutionprogram.com\/es\/wp-json\/wp\/v2\/pages\/1316","targetHints":{"allow":["GET"]}}],"collection":[{"href":"https:\/\/techsolutionprogram.com\/es\/wp-json\/wp\/v2\/pages"}],"about":[{"href":"https:\/\/techsolutionprogram.com\/es\/wp-json\/wp\/v2\/types\/page"}],"author":[{"embeddable":true,"href":"https:\/\/techsolutionprogram.com\/es\/wp-json\/wp\/v2\/users\/1"}],"replies":[{"embeddable":true,"href":"https:\/\/techsolutionprogram.com\/es\/wp-json\/wp\/v2\/comments?post=1316"}],"version-history":[{"count":2,"href":"https:\/\/techsolutionprogram.com\/es\/wp-json\/wp\/v2\/pages\/1316\/revisions"}],"predecessor-version":[{"id":1414,"href":"https:\/\/techsolutionprogram.com\/es\/wp-json\/wp\/v2\/pages\/1316\/revisions\/1414"}],"wp:attachment":[{"href":"https:\/\/techsolutionprogram.com\/es\/wp-json\/wp\/v2\/media?parent=1316"}],"curies":[{"name":"wp","href":"https:\/\/api.w.org\/{rel}","templated":true}]}}